{"id":764,"date":"2022-12-08T10:11:22","date_gmt":"2022-12-08T10:11:22","guid":{"rendered":"https:\/\/www.workprofit.stronazen.pl\/?page_id=764"},"modified":"2022-12-08T10:29:32","modified_gmt":"2022-12-08T10:29:32","slug":"formularz-kontaktowy","status":"publish","type":"page","link":"https:\/\/www.workprofit.stronazen.pl\/index.php\/formularz-kontaktowy\/","title":{"rendered":"Formularz kontaktowy."},"content":{"rendered":"\n<style type=\"text\/css\" data-created_by=\"avia_inline_auto\" id=\"style-css-av-lbexr5ws-52e2819c738a8e66f83361c24d97142a\">\n#top .av-special-heading.av-lbexr5ws-52e2819c738a8e66f83361c24d97142a{\npadding-bottom:10px;\n}\nbody .av-special-heading.av-lbexr5ws-52e2819c738a8e66f83361c24d97142a .av-special-heading-tag .heading-char{\nfont-size:25px;\n}\n.av-special-heading.av-lbexr5ws-52e2819c738a8e66f83361c24d97142a .av-subheading{\nfont-size:15px;\n}\n<\/style>\n<div  class='av-special-heading av-lbexr5ws-52e2819c738a8e66f83361c24d97142a av-special-heading-h1 blockquote modern-quote modern-centered  avia-builder-el-0  el_before_av_contact  avia-builder-el-first '><h1 class='av-special-heading-tag'  itemprop=\"headline\"  >Wy\u015blij wiadomo\u015b\u0107<\/h1><div class=\"special-heading-border\"><div class=\"special-heading-inner-border\"><\/div><\/div><\/div>\n<form action=\"https:\/\/www.workprofit.stronazen.pl\/index.php\/formularz-kontaktowy\/\" method=\"post\"  class=\"avia_ajax_form av-form-labels-visible   avia-builder-el-1  el_after_av_heading  el_before_av_buttonrow   \" data-avia-form-id=\"1\" data-avia-redirect='' ><fieldset><p class='  first_form  form_element form_fullwidth' id='element_avia_1_1'><label for=\"avia_1_1\">Imi\u0119 Nazwisko \/ Firma <abbr class=\"required\" title=\"required\">*<\/abbr><\/label> <input name=\"avia_1_1\" class=\"text_input is_empty\" type=\"text\" id=\"avia_1_1\" value=\"\" \/><\/p><p class='  first_form  form_element form_fullwidth' id='element_avia_2_1'><label for=\"avia_2_1\">E-Mail <abbr class=\"required\" title=\"required\">*<\/abbr><\/label> <input name=\"avia_2_1\" class=\"text_input is_email\" type=\"text\" id=\"avia_2_1\" value=\"\" \/><\/p><p class='  first_form  form_element form_fullwidth' id='element_avia_3_1'><label for=\"avia_3_1\">Temat <abbr class=\"required\" title=\"required\">*<\/abbr><\/label> <input name=\"avia_3_1\" class=\"text_input is_empty\" type=\"text\" id=\"avia_3_1\" value=\"\" \/><\/p><p class='  first_form  form_element form_fullwidth' id='element_avia_4_1'><label for=\"avia_4_1\" class=\"textare_label hidden textare_label_avia_4_1\">Wiadomo\u015b\u0107 <abbr class=\"required\" title=\"required\">*<\/abbr><\/label><textarea  name=\"avia_4_1\" class=\"text_area is_empty\" cols=\"40\" rows=\"7\" id=\"avia_4_1\" ><\/textarea><\/p><p class=\"hidden\"><input type=\"text\" name=\"avia_5_1\" class=\"hidden \" id=\"avia_5_1\" value=\"\" \/><\/p><p class='   form_element form_fullwidth' id='element_avia_6_1'><span class='value_verifier_label'>2 + 5 = ?<\/span><input name=\"avia_6_1_verifier\" type=\"hidden\" id=\"avia_6_1_verifier\" value=\"621774776\"\/><label for=\"avia_6_1\">Please prove that you are human by solving the equation <abbr class=\"required\" title=\"required\">*<\/abbr><\/label><input name=\"avia_6_1\" class=\"text_input captcha\" type=\"text\" id=\"avia_6_1\" value=\"\"\/><\/p><p class=\"form_element \"><input type=\"hidden\" value=\"1\" name=\"avia_generated_form1\" \/><input type=\"submit\" value=\"Wy\u015blij\" class=\"button\"  data-sending-label=\"Trwa wysy\u0142anie...\"\/><\/p><\/fieldset><\/form><div id=\"ajaxresponse_1\" class=\"ajaxresponse ajaxresponse_1 hidden\"><\/div>\n<div  class='avia-buttonrow-wrap av-lbex5w8i-fe978adf886e7759a677a3afb7ad3413 avia-buttonrow-center  avia-builder-el-2  el_after_av_contact  avia-builder-el-last '>\n\n<style type=\"text\/css\" data-created_by=\"avia_inline_auto\" id=\"style-css-av-lbex5v47-1d0f7eaa90484668916cf0a6695e96f6\">\n#top #wrap_all .avia-button.av-lbex5v47-1d0f7eaa90484668916cf0a6695e96f6{\nmargin-bottom:5px;\nmargin-right:3px;\nmargin-left:3px;\n}\n<\/style>\n<a href='https:\/\/www.workprofit.stronazen.pl\/'  class='avia-button av-lbex5v47-1d0f7eaa90484668916cf0a6695e96f6 avia-icon_select-yes-left-icon avia-size-small avia-color-theme-color'  ><span class='avia_button_icon avia_button_icon_left ' aria-hidden='true' data-av_icon='\ue841' data-av_iconfont='entypo-fontello'><\/span><span class='avia_iconbox_title' >Powr\u00f3t do Strony G\u0142\u00f3wnej<\/span><\/a>\n<\/div>\n","protected":false},"excerpt":{"rendered":"","protected":false},"author":1,"featured_media":0,"parent":0,"menu_order":0,"comment_status":"closed","ping_status":"closed","template":"","meta":[],"yoast_head":"<!-- This site is optimized with the Yoast SEO plugin v19.11 - https:\/\/yoast.com\/wordpress\/plugins\/seo\/ -->\n<title>Formularz kontaktowy. - Workprofit sp. z o.o. Wielu\u0144<\/title>\n<meta name=\"robots\" content=\"index, follow, max-snippet:-1, max-image-preview:large, max-video-preview:-1\" \/>\n<link rel=\"canonical\" href=\"https:\/\/www.workprofit.stronazen.pl\/index.php\/formularz-kontaktowy\/\" \/>\n<meta property=\"og:locale\" content=\"pl_PL\" \/>\n<meta property=\"og:type\" content=\"article\" \/>\n<meta property=\"og:title\" content=\"Formularz kontaktowy. - Workprofit sp. z o.o. Wielu\u0144\" \/>\n<meta property=\"og:url\" content=\"https:\/\/www.workprofit.stronazen.pl\/index.php\/formularz-kontaktowy\/\" \/>\n<meta property=\"og:site_name\" content=\"Workprofit sp. z o.o. Wielu\u0144\" \/>\n<meta property=\"article:publisher\" content=\"https:\/\/www.facebook.com\/WorkprofitWielun\" \/>\n<meta property=\"article:modified_time\" content=\"2022-12-08T10:29:32+00:00\" \/>\n<meta name=\"twitter:card\" content=\"summary_large_image\" \/>\n<meta name=\"twitter:label1\" content=\"Szacowany czas czytania\" \/>\n\t<meta name=\"twitter:data1\" content=\"2 minuty\" \/>\n<script type=\"application\/ld+json\" class=\"yoast-schema-graph\">{\"@context\":\"https:\/\/schema.org\",\"@graph\":[{\"@type\":\"WebPage\",\"@id\":\"https:\/\/www.workprofit.stronazen.pl\/index.php\/formularz-kontaktowy\/\",\"url\":\"https:\/\/www.workprofit.stronazen.pl\/index.php\/formularz-kontaktowy\/\",\"name\":\"Formularz kontaktowy. - Workprofit sp. z o.o. Wielu\u0144\",\"isPartOf\":{\"@id\":\"https:\/\/www.workprofit.stronazen.pl\/#website\"},\"datePublished\":\"2022-12-08T10:11:22+00:00\",\"dateModified\":\"2022-12-08T10:29:32+00:00\",\"breadcrumb\":{\"@id\":\"https:\/\/www.workprofit.stronazen.pl\/index.php\/formularz-kontaktowy\/#breadcrumb\"},\"inLanguage\":\"pl-PL\",\"potentialAction\":[{\"@type\":\"ReadAction\",\"target\":[\"https:\/\/www.workprofit.stronazen.pl\/index.php\/formularz-kontaktowy\/\"]}]},{\"@type\":\"BreadcrumbList\",\"@id\":\"https:\/\/www.workprofit.stronazen.pl\/index.php\/formularz-kontaktowy\/#breadcrumb\",\"itemListElement\":[{\"@type\":\"ListItem\",\"position\":1,\"name\":\"Strona g\u0142\u00f3wna\",\"item\":\"https:\/\/www.workprofit.stronazen.pl\/\"},{\"@type\":\"ListItem\",\"position\":2,\"name\":\"Formularz kontaktowy.\"}]},{\"@type\":\"WebSite\",\"@id\":\"https:\/\/www.workprofit.stronazen.pl\/#website\",\"url\":\"https:\/\/www.workprofit.stronazen.pl\/\",\"name\":\"Workprofit sp. z o.o. Wielu\u0144\",\"description\":\"Magdalena \u015awi\u0105tek Biuro Kadrowo - P\u0142acowe Biuro Ksi\u0119gowe\",\"publisher\":{\"@id\":\"https:\/\/www.workprofit.stronazen.pl\/#organization\"},\"potentialAction\":[{\"@type\":\"SearchAction\",\"target\":{\"@type\":\"EntryPoint\",\"urlTemplate\":\"https:\/\/www.workprofit.stronazen.pl\/?s={search_term_string}\"},\"query-input\":\"required name=search_term_string\"}],\"inLanguage\":\"pl-PL\"},{\"@type\":\"Organization\",\"@id\":\"https:\/\/www.workprofit.stronazen.pl\/#organization\",\"name\":\"Workprofit sp. z o.o. Wielu\u0144\",\"url\":\"https:\/\/www.workprofit.stronazen.pl\/\",\"logo\":{\"@type\":\"ImageObject\",\"inLanguage\":\"pl-PL\",\"@id\":\"https:\/\/www.workprofit.stronazen.pl\/#\/schema\/logo\/image\/\",\"url\":\"https:\/\/www.workprofit.stronazen.pl\/wp-content\/uploads\/2022\/10\/logo-1000x.png\",\"contentUrl\":\"https:\/\/www.workprofit.stronazen.pl\/wp-content\/uploads\/2022\/10\/logo-1000x.png\",\"width\":1000,\"height\":459,\"caption\":\"Workprofit sp. z o.o. Wielu\u0144\"},\"image\":{\"@id\":\"https:\/\/www.workprofit.stronazen.pl\/#\/schema\/logo\/image\/\"},\"sameAs\":[\"https:\/\/www.facebook.com\/WorkprofitWielun\"]}]}<\/script>\n<!-- \/ Yoast SEO plugin. -->","yoast_head_json":{"title":"Formularz kontaktowy. - Workprofit sp. z o.o. Wielu\u0144","robots":{"index":"index","follow":"follow","max-snippet":"max-snippet:-1","max-image-preview":"max-image-preview:large","max-video-preview":"max-video-preview:-1"},"canonical":"https:\/\/www.workprofit.stronazen.pl\/index.php\/formularz-kontaktowy\/","og_locale":"pl_PL","og_type":"article","og_title":"Formularz kontaktowy. - Workprofit sp. z o.o. Wielu\u0144","og_url":"https:\/\/www.workprofit.stronazen.pl\/index.php\/formularz-kontaktowy\/","og_site_name":"Workprofit sp. z o.o. Wielu\u0144","article_publisher":"https:\/\/www.facebook.com\/WorkprofitWielun","article_modified_time":"2022-12-08T10:29:32+00:00","twitter_card":"summary_large_image","twitter_misc":{"Szacowany czas czytania":"2 minuty"},"schema":{"@context":"https:\/\/schema.org","@graph":[{"@type":"WebPage","@id":"https:\/\/www.workprofit.stronazen.pl\/index.php\/formularz-kontaktowy\/","url":"https:\/\/www.workprofit.stronazen.pl\/index.php\/formularz-kontaktowy\/","name":"Formularz kontaktowy. - Workprofit sp. z o.o. Wielu\u0144","isPartOf":{"@id":"https:\/\/www.workprofit.stronazen.pl\/#website"},"datePublished":"2022-12-08T10:11:22+00:00","dateModified":"2022-12-08T10:29:32+00:00","breadcrumb":{"@id":"https:\/\/www.workprofit.stronazen.pl\/index.php\/formularz-kontaktowy\/#breadcrumb"},"inLanguage":"pl-PL","potentialAction":[{"@type":"ReadAction","target":["https:\/\/www.workprofit.stronazen.pl\/index.php\/formularz-kontaktowy\/"]}]},{"@type":"BreadcrumbList","@id":"https:\/\/www.workprofit.stronazen.pl\/index.php\/formularz-kontaktowy\/#breadcrumb","itemListElement":[{"@type":"ListItem","position":1,"name":"Strona g\u0142\u00f3wna","item":"https:\/\/www.workprofit.stronazen.pl\/"},{"@type":"ListItem","position":2,"name":"Formularz kontaktowy."}]},{"@type":"WebSite","@id":"https:\/\/www.workprofit.stronazen.pl\/#website","url":"https:\/\/www.workprofit.stronazen.pl\/","name":"Workprofit sp. z o.o. Wielu\u0144","description":"Magdalena \u015awi\u0105tek Biuro Kadrowo - P\u0142acowe Biuro Ksi\u0119gowe","publisher":{"@id":"https:\/\/www.workprofit.stronazen.pl\/#organization"},"potentialAction":[{"@type":"SearchAction","target":{"@type":"EntryPoint","urlTemplate":"https:\/\/www.workprofit.stronazen.pl\/?s={search_term_string}"},"query-input":"required name=search_term_string"}],"inLanguage":"pl-PL"},{"@type":"Organization","@id":"https:\/\/www.workprofit.stronazen.pl\/#organization","name":"Workprofit sp. z o.o. Wielu\u0144","url":"https:\/\/www.workprofit.stronazen.pl\/","logo":{"@type":"ImageObject","inLanguage":"pl-PL","@id":"https:\/\/www.workprofit.stronazen.pl\/#\/schema\/logo\/image\/","url":"https:\/\/www.workprofit.stronazen.pl\/wp-content\/uploads\/2022\/10\/logo-1000x.png","contentUrl":"https:\/\/www.workprofit.stronazen.pl\/wp-content\/uploads\/2022\/10\/logo-1000x.png","width":1000,"height":459,"caption":"Workprofit sp. z o.o. Wielu\u0144"},"image":{"@id":"https:\/\/www.workprofit.stronazen.pl\/#\/schema\/logo\/image\/"},"sameAs":["https:\/\/www.facebook.com\/WorkprofitWielun"]}]}},"_links":{"self":[{"href":"https:\/\/www.workprofit.stronazen.pl\/index.php\/wp-json\/wp\/v2\/pages\/764"}],"collection":[{"href":"https:\/\/www.workprofit.stronazen.pl\/index.php\/wp-json\/wp\/v2\/pages"}],"about":[{"href":"https:\/\/www.workprofit.stronazen.pl\/index.php\/wp-json\/wp\/v2\/types\/page"}],"author":[{"embeddable":true,"href":"https:\/\/www.workprofit.stronazen.pl\/index.php\/wp-json\/wp\/v2\/users\/1"}],"replies":[{"embeddable":true,"href":"https:\/\/www.workprofit.stronazen.pl\/index.php\/wp-json\/wp\/v2\/comments?post=764"}],"version-history":[{"count":6,"href":"https:\/\/www.workprofit.stronazen.pl\/index.php\/wp-json\/wp\/v2\/pages\/764\/revisions"}],"predecessor-version":[{"id":777,"href":"https:\/\/www.workprofit.stronazen.pl\/index.php\/wp-json\/wp\/v2\/pages\/764\/revisions\/777"}],"wp:attachment":[{"href":"https:\/\/www.workprofit.stronazen.pl\/index.php\/wp-json\/wp\/v2\/media?parent=764"}],"curies":[{"name":"wp","href":"https:\/\/api.w.org\/{rel}","templated":true}]}}