{"id":723,"date":"2022-10-27T10:29:17","date_gmt":"2022-10-27T10:29:17","guid":{"rendered":"https:\/\/www.workprofit.stronazen.pl\/?page_id=723"},"modified":"2022-10-27T10:29:17","modified_gmt":"2022-10-27T10:29:17","slug":"blog","status":"publish","type":"page","link":"https:\/\/www.workprofit.stronazen.pl\/index.php\/blog\/","title":{"rendered":"Blog"},"content":{"rendered":"<div class='flex_column av-av_one_full-7714eba142aeda1f8b5272a3c372b279 av_one_full  avia-builder-el-0  avia-builder-el-no-sibling  first flex_column_div '     ><div  data-slideshow-options=\"{&quot;animation&quot;:&quot;fade&quot;,&quot;autoplay&quot;:false,&quot;loop_autoplay&quot;:&quot;once&quot;,&quot;interval&quot;:&quot;5&quot;,&quot;loop_manual&quot;:&quot;manual-endless&quot;,&quot;autoplay_stopper&quot;:false,&quot;noNavigation&quot;:false,&quot;show_slide_delay&quot;:90}\" class='avia-content-slider avia-content-slider-active avia-content-slider1 avia-content-slider-odd  avia-builder-el-1  avia-builder-el-no-sibling  av-slideshow-ui av-control-default   av-no-slider-navigation av-slideshow-manual av-loop-once av-loop-manual-endless '  itemscope=\"itemscope\" itemtype=\"https:\/\/schema.org\/Blog\" ><div class=\"avia-content-slider-inner\"><div class=\"slide-entry-wrap\"><article class='slide-entry flex_column  post-entry post-entry-573 slide-entry-overview slide-loop-1 slide-parity-odd  av_one_third first real-thumbnail post-format-standard'  itemscope=\"itemscope\" itemtype=\"https:\/\/schema.org\/CreativeWork\" ><a href='https:\/\/www.workprofit.stronazen.pl\/index.php\/2022\/10\/23\/wyplata-wyplata\/' data-rel='slide-1' class='slide-image' title='Wyp\u0142ata wyp\u0142ata'><img width=\"495\" height=\"400\" src=\"https:\/\/www.workprofit.stronazen.pl\/wp-content\/uploads\/2015\/07\/work1-495x400.jpg\" class=\"wp-image-403 avia-img-lazy-loading-not-403 attachment-portfolio size-portfolio wp-post-image\" alt=\"\" decoding=\"async\" srcset=\"https:\/\/www.workprofit.stronazen.pl\/wp-content\/uploads\/2015\/07\/work1-495x400.jpg 495w, https:\/\/www.workprofit.stronazen.pl\/wp-content\/uploads\/2015\/07\/work1-845x684.jpg 845w\" sizes=\"(max-width: 495px) 100vw, 495px\" \/><\/a><div class=\"slide-content\"><header class=\"entry-content-header\"><span class=\"blog-categories minor-meta\"><a href=\"https:\/\/www.workprofit.stronazen.pl\/index.php\/category\/kadrowosc\/\" rel=\"tag\">Kadrowo\u015b\u0107<\/a> <\/span><h3 class='slide-entry-title entry-title '  itemprop=\"headline\" ><a href='https:\/\/www.workprofit.stronazen.pl\/index.php\/2022\/10\/23\/wyplata-wyplata\/' title='Wyp\u0142ata wyp\u0142ata'>Wyp\u0142ata wyp\u0142ata<\/a><\/h3><span class=\"av-vertical-delimiter\"><\/span><\/header><div class='slide-entry-excerpt entry-content'  itemprop=\"text\" ><div class=\"read-more-link\"><a href=\"https:\/\/www.workprofit.stronazen.pl\/index.php\/2022\/10\/23\/wyplata-wyplata\/\" class=\"more-link\">Czytaj dalej<span class=\"more-link-arrow\"><\/span><\/a><\/div><\/div><\/div><footer class=\"entry-footer\"><div class=\"slide-meta\"><time class='slide-meta-time updated'  itemprop=\"datePublished\" datetime=\"2022-10-23T09:50:30+00:00\" >23 pa\u017adziernika, 2022<\/time><\/div><\/footer><span class='hidden'>\n\t\t\t\t<span class='av-structured-data'  itemprop=\"image\" itemscope=\"itemscope\" itemtype=\"https:\/\/schema.org\/ImageObject\" >\n\t\t\t\t\t\t<span itemprop='url'>https:\/\/www.workprofit.stronazen.pl\/wp-content\/uploads\/2015\/07\/work1.jpg<\/span>\n\t\t\t\t\t\t<span itemprop='height'>850<\/span>\n\t\t\t\t\t\t<span itemprop='width'>850<\/span>\n\t\t\t\t<\/span>\n\t\t\t\t<span class='av-structured-data'  itemprop=\"publisher\" itemtype=\"https:\/\/schema.org\/Organization\" itemscope=\"itemscope\" >\n\t\t\t\t\t\t<span itemprop='name'>admin<\/span>\n\t\t\t\t\t\t<span itemprop='logo' itemscope itemtype='https:\/\/schema.org\/ImageObject'>\n\t\t\t\t\t\t\t<span itemprop='url'>https:\/\/www.workprofit.stronazen.pl\/wp-content\/uploads\/2022\/10\/logo-1000x.png<\/span>\n\t\t\t\t\t\t <\/span>\n\t\t\t\t<\/span><span class='av-structured-data'  itemprop=\"author\" itemscope=\"itemscope\" itemtype=\"https:\/\/schema.org\/Person\" ><span itemprop='name'>admin<\/span><\/span><span class='av-structured-data'  itemprop=\"datePublished\" datetime=\"2022-10-27T10:29:17+00:00\" >2022-10-23 09:50:30<\/span><span class='av-structured-data'  itemprop=\"dateModified\" itemtype=\"https:\/\/schema.org\/dateModified\" >2022-10-23 09:51:00<\/span><span class='av-structured-data'  itemprop=\"mainEntityOfPage\" itemtype=\"https:\/\/schema.org\/mainEntityOfPage\" ><span itemprop='name'>Wyp\u0142ata wyp\u0142ata<\/span><\/span><\/span><\/article><article class='slide-entry flex_column  post-entry post-entry-571 slide-entry-overview slide-loop-2 slide-parity-even  av_one_third  real-thumbnail post-format-standard'  itemscope=\"itemscope\" itemtype=\"https:\/\/schema.org\/CreativeWork\" ><a href='https:\/\/www.workprofit.stronazen.pl\/index.php\/2022\/10\/23\/praca-cudzoziemcow\/' data-rel='slide-1' class='slide-image' title='Praca cudzoziemc\u00f3w'><img width=\"495\" height=\"400\" src=\"https:\/\/www.workprofit.stronazen.pl\/wp-content\/uploads\/2015\/07\/work4-495x400.jpg\" class=\"wp-image-408 avia-img-lazy-loading-not-408 attachment-portfolio size-portfolio wp-post-image\" alt=\"\" decoding=\"async\" srcset=\"https:\/\/www.workprofit.stronazen.pl\/wp-content\/uploads\/2015\/07\/work4-495x400.jpg 495w, https:\/\/www.workprofit.stronazen.pl\/wp-content\/uploads\/2015\/07\/work4-845x684.jpg 845w\" sizes=\"(max-width: 495px) 100vw, 495px\" \/><\/a><div class=\"slide-content\"><header class=\"entry-content-header\"><span class=\"blog-categories minor-meta\"><a href=\"https:\/\/www.workprofit.stronazen.pl\/index.php\/category\/bhp\/\" rel=\"tag\">BHP<\/a> <\/span><h3 class='slide-entry-title entry-title '  itemprop=\"headline\" ><a href='https:\/\/www.workprofit.stronazen.pl\/index.php\/2022\/10\/23\/praca-cudzoziemcow\/' title='Praca cudzoziemc\u00f3w'>Praca cudzoziemc\u00f3w<\/a><\/h3><span class=\"av-vertical-delimiter\"><\/span><\/header><div class='slide-entry-excerpt entry-content'  itemprop=\"text\" ><div class=\"read-more-link\"><a href=\"https:\/\/www.workprofit.stronazen.pl\/index.php\/2022\/10\/23\/praca-cudzoziemcow\/\" class=\"more-link\">Czytaj dalej<span class=\"more-link-arrow\"><\/span><\/a><\/div><\/div><\/div><footer class=\"entry-footer\"><div class=\"slide-meta\"><time class='slide-meta-time updated'  itemprop=\"datePublished\" datetime=\"2022-10-23T09:48:40+00:00\" >23 pa\u017adziernika, 2022<\/time><\/div><\/footer><span class='hidden'>\n\t\t\t\t<span class='av-structured-data'  itemprop=\"image\" itemscope=\"itemscope\" itemtype=\"https:\/\/schema.org\/ImageObject\" >\n\t\t\t\t\t\t<span itemprop='url'>https:\/\/www.workprofit.stronazen.pl\/wp-content\/uploads\/2015\/07\/work4.jpg<\/span>\n\t\t\t\t\t\t<span itemprop='height'>850<\/span>\n\t\t\t\t\t\t<span itemprop='width'>850<\/span>\n\t\t\t\t<\/span>\n\t\t\t\t<span class='av-structured-data'  itemprop=\"publisher\" itemtype=\"https:\/\/schema.org\/Organization\" itemscope=\"itemscope\" >\n\t\t\t\t\t\t<span itemprop='name'>admin<\/span>\n\t\t\t\t\t\t<span itemprop='logo' itemscope itemtype='https:\/\/schema.org\/ImageObject'>\n\t\t\t\t\t\t\t<span itemprop='url'>https:\/\/www.workprofit.stronazen.pl\/wp-content\/uploads\/2022\/10\/logo-1000x.png<\/span>\n\t\t\t\t\t\t <\/span>\n\t\t\t\t<\/span><span class='av-structured-data'  itemprop=\"author\" itemscope=\"itemscope\" itemtype=\"https:\/\/schema.org\/Person\" ><span itemprop='name'>admin<\/span><\/span><span class='av-structured-data'  itemprop=\"datePublished\" datetime=\"2022-10-27T10:29:17+00:00\" >2022-10-23 09:48:40<\/span><span class='av-structured-data'  itemprop=\"dateModified\" itemtype=\"https:\/\/schema.org\/dateModified\" >2022-10-23 09:48:41<\/span><span class='av-structured-data'  itemprop=\"mainEntityOfPage\" itemtype=\"https:\/\/schema.org\/mainEntityOfPage\" ><span itemprop='name'>Praca cudzoziemc\u00f3w<\/span><\/span><\/span><\/article><article class='slide-entry flex_column  post-entry post-entry-559 slide-entry-overview slide-loop-3 slide-parity-odd  av_one_third  real-thumbnail post-format-standard'  itemscope=\"itemscope\" itemtype=\"https:\/\/schema.org\/CreativeWork\" ><a href='https:\/\/www.workprofit.stronazen.pl\/index.php\/2022\/10\/22\/tekst-blogowy\/' data-rel='slide-1' class='slide-image' title='Tekst blogowy'><img width=\"495\" height=\"400\" src=\"https:\/\/www.workprofit.stronazen.pl\/wp-content\/uploads\/2015\/07\/work2-495x400.jpg\" class=\"wp-image-404 avia-img-lazy-loading-not-404 attachment-portfolio size-portfolio wp-post-image\" alt=\"\" decoding=\"async\" srcset=\"https:\/\/www.workprofit.stronazen.pl\/wp-content\/uploads\/2015\/07\/work2-495x400.jpg 495w, https:\/\/www.workprofit.stronazen.pl\/wp-content\/uploads\/2015\/07\/work2-845x684.jpg 845w\" sizes=\"(max-width: 495px) 100vw, 495px\" \/><\/a><div class=\"slide-content\"><header class=\"entry-content-header\"><span class=\"blog-categories minor-meta\"><a href=\"https:\/\/www.workprofit.stronazen.pl\/index.php\/category\/bhp\/\" rel=\"tag\">BHP<\/a> <\/span><h3 class='slide-entry-title entry-title '  itemprop=\"headline\" ><a href='https:\/\/www.workprofit.stronazen.pl\/index.php\/2022\/10\/22\/tekst-blogowy\/' title='Tekst blogowy'>Tekst blogowy<\/a><\/h3><span class=\"av-vertical-delimiter\"><\/span><\/header><div class='slide-entry-excerpt entry-content'  itemprop=\"text\" ><div class=\"read-more-link\"><a href=\"https:\/\/www.workprofit.stronazen.pl\/index.php\/2022\/10\/22\/tekst-blogowy\/\" class=\"more-link\">Czytaj dalej<span class=\"more-link-arrow\"><\/span><\/a><\/div><\/div><\/div><footer class=\"entry-footer\"><div class=\"slide-meta\"><time class='slide-meta-time updated'  itemprop=\"datePublished\" datetime=\"2022-10-22T12:41:31+00:00\" >22 pa\u017adziernika, 2022<\/time><\/div><\/footer><span class='hidden'>\n\t\t\t\t<span class='av-structured-data'  itemprop=\"image\" itemscope=\"itemscope\" itemtype=\"https:\/\/schema.org\/ImageObject\" >\n\t\t\t\t\t\t<span itemprop='url'>https:\/\/www.workprofit.stronazen.pl\/wp-content\/uploads\/2015\/07\/work2.jpg<\/span>\n\t\t\t\t\t\t<span itemprop='height'>850<\/span>\n\t\t\t\t\t\t<span itemprop='width'>850<\/span>\n\t\t\t\t<\/span>\n\t\t\t\t<span class='av-structured-data'  itemprop=\"publisher\" itemtype=\"https:\/\/schema.org\/Organization\" itemscope=\"itemscope\" >\n\t\t\t\t\t\t<span itemprop='name'>admin<\/span>\n\t\t\t\t\t\t<span itemprop='logo' itemscope itemtype='https:\/\/schema.org\/ImageObject'>\n\t\t\t\t\t\t\t<span itemprop='url'>https:\/\/www.workprofit.stronazen.pl\/wp-content\/uploads\/2022\/10\/logo-1000x.png<\/span>\n\t\t\t\t\t\t <\/span>\n\t\t\t\t<\/span><span class='av-structured-data'  itemprop=\"author\" itemscope=\"itemscope\" itemtype=\"https:\/\/schema.org\/Person\" ><span itemprop='name'>admin<\/span><\/span><span class='av-structured-data'  itemprop=\"datePublished\" datetime=\"2022-10-27T10:29:17+00:00\" >2022-10-22 12:41:31<\/span><span class='av-structured-data'  itemprop=\"dateModified\" itemtype=\"https:\/\/schema.org\/dateModified\" >2022-10-23 09:43:13<\/span><span class='av-structured-data'  itemprop=\"mainEntityOfPage\" itemtype=\"https:\/\/schema.org\/mainEntityOfPage\" ><span itemprop='name'>Tekst blogowy<\/span><\/span><\/span><\/article><\/div><div class=\"slide-entry-wrap\"><article class='slide-entry flex_column  post-entry post-entry-1 slide-entry-overview slide-loop-4 slide-parity-odd  post-entry-last  av_one_third first real-thumbnail post-format-standard'  itemscope=\"itemscope\" itemtype=\"https:\/\/schema.org\/CreativeWork\" ><a href='https:\/\/www.workprofit.stronazen.pl\/index.php\/2022\/10\/21\/hello-world\/' data-rel='slide-1' class='slide-image' title='Hello world!'><img width=\"495\" height=\"400\" src=\"https:\/\/www.workprofit.stronazen.pl\/wp-content\/uploads\/2015\/07\/work3-495x400.jpg\" class=\"wp-image-405 avia-img-lazy-loading-not-405 attachment-portfolio size-portfolio wp-post-image\" alt=\"\" decoding=\"async\" srcset=\"https:\/\/www.workprofit.stronazen.pl\/wp-content\/uploads\/2015\/07\/work3-495x400.jpg 495w, https:\/\/www.workprofit.stronazen.pl\/wp-content\/uploads\/2015\/07\/work3-845x684.jpg 845w\" sizes=\"(max-width: 495px) 100vw, 495px\" \/><\/a><div class=\"slide-content\"><header class=\"entry-content-header\"><span class=\"blog-categories minor-meta\"><a href=\"https:\/\/www.workprofit.stronazen.pl\/index.php\/category\/kadrowosc\/\" rel=\"tag\">Kadrowo\u015b\u0107<\/a> <\/span><h3 class='slide-entry-title entry-title '  itemprop=\"headline\" ><a href='https:\/\/www.workprofit.stronazen.pl\/index.php\/2022\/10\/21\/hello-world\/' title='Hello world!'>Hello world!<\/a><\/h3><span class=\"av-vertical-delimiter\"><\/span><\/header><div class='slide-entry-excerpt entry-content'  itemprop=\"text\" ><div class=\"read-more-link\"><a href=\"https:\/\/www.workprofit.stronazen.pl\/index.php\/2022\/10\/21\/hello-world\/\" class=\"more-link\">Czytaj dalej<span class=\"more-link-arrow\"><\/span><\/a><\/div><\/div><\/div><footer class=\"entry-footer\"><div class=\"slide-meta\"><div class=\"slide-meta-comments\"><a href='https:\/\/www.workprofit.stronazen.pl\/index.php\/2022\/10\/21\/hello-world\/#comments'>1 Comment<\/a><\/div><div class=\"slide-meta-del\">\/<\/div><time class='slide-meta-time updated'  itemprop=\"datePublished\" datetime=\"2022-10-21T11:34:15+00:00\" >21 pa\u017adziernika, 2022<\/time><\/div><\/footer><span class='hidden'>\n\t\t\t\t<span class='av-structured-data'  itemprop=\"image\" itemscope=\"itemscope\" itemtype=\"https:\/\/schema.org\/ImageObject\" >\n\t\t\t\t\t\t<span itemprop='url'>https:\/\/www.workprofit.stronazen.pl\/wp-content\/uploads\/2015\/07\/work3.jpg<\/span>\n\t\t\t\t\t\t<span itemprop='height'>850<\/span>\n\t\t\t\t\t\t<span itemprop='width'>850<\/span>\n\t\t\t\t<\/span>\n\t\t\t\t<span class='av-structured-data'  itemprop=\"publisher\" itemtype=\"https:\/\/schema.org\/Organization\" itemscope=\"itemscope\" >\n\t\t\t\t\t\t<span itemprop='name'>admin<\/span>\n\t\t\t\t\t\t<span itemprop='logo' itemscope itemtype='https:\/\/schema.org\/ImageObject'>\n\t\t\t\t\t\t\t<span itemprop='url'>https:\/\/www.workprofit.stronazen.pl\/wp-content\/uploads\/2022\/10\/logo-1000x.png<\/span>\n\t\t\t\t\t\t <\/span>\n\t\t\t\t<\/span><span class='av-structured-data'  itemprop=\"author\" itemscope=\"itemscope\" itemtype=\"https:\/\/schema.org\/Person\" ><span itemprop='name'>admin<\/span><\/span><span class='av-structured-data'  itemprop=\"datePublished\" datetime=\"2022-10-27T10:29:17+00:00\" >2022-10-21 11:34:15<\/span><span class='av-structured-data'  itemprop=\"dateModified\" itemtype=\"https:\/\/schema.org\/dateModified\" >2022-10-23 09:43:33<\/span><span class='av-structured-data'  itemprop=\"mainEntityOfPage\" itemtype=\"https:\/\/schema.org\/mainEntityOfPage\" ><span itemprop='name'>Hello world!<\/span><\/span><\/span><\/article><\/div><\/div><div class='avia-slideshow-arrows avia-slideshow-controls' ><a href='#prev' class='prev-slide ' aria-hidden='true' data-av_icon='\ue87c' data-av_iconfont='entypo-fontello'  tabindex='-1'>Previous<\/a><a href='#next' class='next-slide ' aria-hidden='true' data-av_icon='\ue87d' data-av_iconfont='entypo-fontello'  tabindex='-1'>Next<\/a><\/div><\/div><\/div>\n","protected":false},"excerpt":{"rendered":"","protected":false},"author":1,"featured_media":0,"parent":0,"menu_order":0,"comment_status":"closed","ping_status":"closed","template":"","meta":[],"yoast_head":"<!-- This site is optimized with the Yoast SEO plugin v19.11 - https:\/\/yoast.com\/wordpress\/plugins\/seo\/ -->\n<title>Blog - Workprofit sp. z o.o. Wielu\u0144<\/title>\n<meta name=\"robots\" content=\"index, follow, max-snippet:-1, max-image-preview:large, max-video-preview:-1\" \/>\n<link rel=\"canonical\" href=\"https:\/\/www.workprofit.stronazen.pl\/index.php\/blog\/\" \/>\n<meta property=\"og:locale\" content=\"pl_PL\" \/>\n<meta property=\"og:type\" content=\"article\" \/>\n<meta property=\"og:title\" content=\"Blog - Workprofit sp. z o.o. Wielu\u0144\" \/>\n<meta property=\"og:url\" content=\"https:\/\/www.workprofit.stronazen.pl\/index.php\/blog\/\" \/>\n<meta property=\"og:site_name\" content=\"Workprofit sp. z o.o. Wielu\u0144\" \/>\n<meta property=\"article:publisher\" content=\"https:\/\/www.facebook.com\/WorkprofitWielun\" \/>\n<meta name=\"twitter:card\" content=\"summary_large_image\" \/>\n<meta name=\"twitter:label1\" content=\"Szacowany czas czytania\" \/>\n\t<meta name=\"twitter:data1\" content=\"1 minuta\" \/>\n<script type=\"application\/ld+json\" class=\"yoast-schema-graph\">{\"@context\":\"https:\/\/schema.org\",\"@graph\":[{\"@type\":\"WebPage\",\"@id\":\"https:\/\/www.workprofit.stronazen.pl\/index.php\/blog\/\",\"url\":\"https:\/\/www.workprofit.stronazen.pl\/index.php\/blog\/\",\"name\":\"Blog - Workprofit sp. z o.o. Wielu\u0144\",\"isPartOf\":{\"@id\":\"https:\/\/www.workprofit.stronazen.pl\/#website\"},\"datePublished\":\"2022-10-27T10:29:17+00:00\",\"dateModified\":\"2022-10-27T10:29:17+00:00\",\"breadcrumb\":{\"@id\":\"https:\/\/www.workprofit.stronazen.pl\/index.php\/blog\/#breadcrumb\"},\"inLanguage\":\"pl-PL\",\"potentialAction\":[{\"@type\":\"ReadAction\",\"target\":[\"https:\/\/www.workprofit.stronazen.pl\/index.php\/blog\/\"]}]},{\"@type\":\"BreadcrumbList\",\"@id\":\"https:\/\/www.workprofit.stronazen.pl\/index.php\/blog\/#breadcrumb\",\"itemListElement\":[{\"@type\":\"ListItem\",\"position\":1,\"name\":\"Strona g\u0142\u00f3wna\",\"item\":\"https:\/\/www.workprofit.stronazen.pl\/\"},{\"@type\":\"ListItem\",\"position\":2,\"name\":\"Blog\"}]},{\"@type\":\"WebSite\",\"@id\":\"https:\/\/www.workprofit.stronazen.pl\/#website\",\"url\":\"https:\/\/www.workprofit.stronazen.pl\/\",\"name\":\"Workprofit sp. z o.o. Wielu\u0144\",\"description\":\"Magdalena \u015awi\u0105tek Biuro Kadrowo - P\u0142acowe Biuro Ksi\u0119gowe\",\"publisher\":{\"@id\":\"https:\/\/www.workprofit.stronazen.pl\/#organization\"},\"potentialAction\":[{\"@type\":\"SearchAction\",\"target\":{\"@type\":\"EntryPoint\",\"urlTemplate\":\"https:\/\/www.workprofit.stronazen.pl\/?s={search_term_string}\"},\"query-input\":\"required name=search_term_string\"}],\"inLanguage\":\"pl-PL\"},{\"@type\":\"Organization\",\"@id\":\"https:\/\/www.workprofit.stronazen.pl\/#organization\",\"name\":\"Workprofit sp. z o.o. Wielu\u0144\",\"url\":\"https:\/\/www.workprofit.stronazen.pl\/\",\"logo\":{\"@type\":\"ImageObject\",\"inLanguage\":\"pl-PL\",\"@id\":\"https:\/\/www.workprofit.stronazen.pl\/#\/schema\/logo\/image\/\",\"url\":\"https:\/\/www.workprofit.stronazen.pl\/wp-content\/uploads\/2022\/10\/logo-1000x.png\",\"contentUrl\":\"https:\/\/www.workprofit.stronazen.pl\/wp-content\/uploads\/2022\/10\/logo-1000x.png\",\"width\":1000,\"height\":459,\"caption\":\"Workprofit sp. z o.o. Wielu\u0144\"},\"image\":{\"@id\":\"https:\/\/www.workprofit.stronazen.pl\/#\/schema\/logo\/image\/\"},\"sameAs\":[\"https:\/\/www.facebook.com\/WorkprofitWielun\"]}]}<\/script>\n<!-- \/ Yoast SEO plugin. -->","yoast_head_json":{"title":"Blog - Workprofit sp. z o.o. Wielu\u0144","robots":{"index":"index","follow":"follow","max-snippet":"max-snippet:-1","max-image-preview":"max-image-preview:large","max-video-preview":"max-video-preview:-1"},"canonical":"https:\/\/www.workprofit.stronazen.pl\/index.php\/blog\/","og_locale":"pl_PL","og_type":"article","og_title":"Blog - Workprofit sp. z o.o. Wielu\u0144","og_url":"https:\/\/www.workprofit.stronazen.pl\/index.php\/blog\/","og_site_name":"Workprofit sp. z o.o. Wielu\u0144","article_publisher":"https:\/\/www.facebook.com\/WorkprofitWielun","twitter_card":"summary_large_image","twitter_misc":{"Szacowany czas czytania":"1 minuta"},"schema":{"@context":"https:\/\/schema.org","@graph":[{"@type":"WebPage","@id":"https:\/\/www.workprofit.stronazen.pl\/index.php\/blog\/","url":"https:\/\/www.workprofit.stronazen.pl\/index.php\/blog\/","name":"Blog - Workprofit sp. z o.o. Wielu\u0144","isPartOf":{"@id":"https:\/\/www.workprofit.stronazen.pl\/#website"},"datePublished":"2022-10-27T10:29:17+00:00","dateModified":"2022-10-27T10:29:17+00:00","breadcrumb":{"@id":"https:\/\/www.workprofit.stronazen.pl\/index.php\/blog\/#breadcrumb"},"inLanguage":"pl-PL","potentialAction":[{"@type":"ReadAction","target":["https:\/\/www.workprofit.stronazen.pl\/index.php\/blog\/"]}]},{"@type":"BreadcrumbList","@id":"https:\/\/www.workprofit.stronazen.pl\/index.php\/blog\/#breadcrumb","itemListElement":[{"@type":"ListItem","position":1,"name":"Strona g\u0142\u00f3wna","item":"https:\/\/www.workprofit.stronazen.pl\/"},{"@type":"ListItem","position":2,"name":"Blog"}]},{"@type":"WebSite","@id":"https:\/\/www.workprofit.stronazen.pl\/#website","url":"https:\/\/www.workprofit.stronazen.pl\/","name":"Workprofit sp. z o.o. Wielu\u0144","description":"Magdalena \u015awi\u0105tek Biuro Kadrowo - P\u0142acowe Biuro Ksi\u0119gowe","publisher":{"@id":"https:\/\/www.workprofit.stronazen.pl\/#organization"},"potentialAction":[{"@type":"SearchAction","target":{"@type":"EntryPoint","urlTemplate":"https:\/\/www.workprofit.stronazen.pl\/?s={search_term_string}"},"query-input":"required name=search_term_string"}],"inLanguage":"pl-PL"},{"@type":"Organization","@id":"https:\/\/www.workprofit.stronazen.pl\/#organization","name":"Workprofit sp. z o.o. Wielu\u0144","url":"https:\/\/www.workprofit.stronazen.pl\/","logo":{"@type":"ImageObject","inLanguage":"pl-PL","@id":"https:\/\/www.workprofit.stronazen.pl\/#\/schema\/logo\/image\/","url":"https:\/\/www.workprofit.stronazen.pl\/wp-content\/uploads\/2022\/10\/logo-1000x.png","contentUrl":"https:\/\/www.workprofit.stronazen.pl\/wp-content\/uploads\/2022\/10\/logo-1000x.png","width":1000,"height":459,"caption":"Workprofit sp. z o.o. Wielu\u0144"},"image":{"@id":"https:\/\/www.workprofit.stronazen.pl\/#\/schema\/logo\/image\/"},"sameAs":["https:\/\/www.facebook.com\/WorkprofitWielun"]}]}},"_links":{"self":[{"href":"https:\/\/www.workprofit.stronazen.pl\/index.php\/wp-json\/wp\/v2\/pages\/723"}],"collection":[{"href":"https:\/\/www.workprofit.stronazen.pl\/index.php\/wp-json\/wp\/v2\/pages"}],"about":[{"href":"https:\/\/www.workprofit.stronazen.pl\/index.php\/wp-json\/wp\/v2\/types\/page"}],"author":[{"embeddable":true,"href":"https:\/\/www.workprofit.stronazen.pl\/index.php\/wp-json\/wp\/v2\/users\/1"}],"replies":[{"embeddable":true,"href":"https:\/\/www.workprofit.stronazen.pl\/index.php\/wp-json\/wp\/v2\/comments?post=723"}],"version-history":[{"count":1,"href":"https:\/\/www.workprofit.stronazen.pl\/index.php\/wp-json\/wp\/v2\/pages\/723\/revisions"}],"predecessor-version":[{"id":724,"href":"https:\/\/www.workprofit.stronazen.pl\/index.php\/wp-json\/wp\/v2\/pages\/723\/revisions\/724"}],"wp:attachment":[{"href":"https:\/\/www.workprofit.stronazen.pl\/index.php\/wp-json\/wp\/v2\/media?parent=723"}],"curies":[{"name":"wp","href":"https:\/\/api.w.org\/{rel}","templated":true}]}}