{"id":648,"date":"2022-10-26T10:09:45","date_gmt":"2022-10-26T10:09:45","guid":{"rendered":"https:\/\/www.workprofit.stronazen.pl\/?page_id=648"},"modified":"2022-10-27T08:43:15","modified_gmt":"2022-10-27T08:43:15","slug":"zakladanie-dzalalnosci-gospodarczej","status":"publish","type":"page","link":"https:\/\/www.workprofit.stronazen.pl\/index.php\/zakladanie-dzalalnosci-gospodarczej\/","title":{"rendered":"Zak\u0142adanie dza\u0142alno\u015bci gospodarczej"},"content":{"rendered":"\n<style type=\"text\/css\" data-created_by=\"avia_inline_auto\" id=\"style-css-av-l9phoymh-48b896bc5a11857ab47762e7228b0870\">\n.flex_column.av-l9phoymh-48b896bc5a11857ab47762e7228b0870{\nbackground:url(https:\/\/www.workprofit.stronazen.pl\/wp-content\/uploads\/2015\/07\/laptop-white.jpg) 0% 0% no-repeat scroll ;\n}\n<\/style>\n<div class='flex_column av-l9phoymh-48b896bc5a11857ab47762e7228b0870 av_one_full  avia-builder-el-0  avia-builder-el-no-sibling  first flex_column_div '     ><p>\n<style type=\"text\/css\" data-created_by=\"avia_inline_auto\" id=\"style-css-av-l9phaxld-5bad41213487536ada71fc5ff093d320\">\n#top .av-special-heading.av-l9phaxld-5bad41213487536ada71fc5ff093d320{\npadding-bottom:10px;\n}\nbody .av-special-heading.av-l9phaxld-5bad41213487536ada71fc5ff093d320 .av-special-heading-tag .heading-char{\nfont-size:25px;\n}\n.av-special-heading.av-l9phaxld-5bad41213487536ada71fc5ff093d320 .av-subheading{\nfont-size:15px;\n}\n<\/style>\n<div  class='av-special-heading av-l9phaxld-5bad41213487536ada71fc5ff093d320 av-special-heading-h3  avia-builder-el-1  el_before_av_textblock  avia-builder-el-first '><h3 class='av-special-heading-tag'  itemprop=\"headline\"  >Zak\u0142adanie w\u0142asnej dzia\u0142alno\u015bci gospodarczej<\/h3><div class=\"special-heading-border\"><div class=\"special-heading-inner-border\"><\/div><\/div><\/div><br \/>\n\n<style type=\"text\/css\" data-created_by=\"avia_inline_auto\" id=\"style-css-av-l9ph8uyx-bfdf55e9b2662f7df475383e2cbda52c\">\n#top .av_textblock_section.av-l9ph8uyx-bfdf55e9b2662f7df475383e2cbda52c .avia_textblock{\nfont-size:16px;\ntext-align:left;\n}\n<\/style>\n<section  class='av_textblock_section av-l9ph8uyx-bfdf55e9b2662f7df475383e2cbda52c'  itemscope=\"itemscope\" itemtype=\"https:\/\/schema.org\/CreativeWork\" ><div class='avia_textblock'  itemprop=\"text\" ><p>Podczas jednej wizyty w naszym biurze:<\/p>\n<ol>\n<li>Wype\u0142nimy dla Ciebie wniosek CEiDG na portalu biznes.gov, pomo\u017cemy wybra\u0107 odpowiednie kody PKD, uzupe\u0142nimy wszystkie dane i elektronicznie wy\u015blemy wniosek.<\/li>\n<li>Przygotujemy dla Ciebie wszystkie wymagane dokumenty do ZUS i do Urz\u0119du Skarbowego, np. w razie konieczno\u015bci rejestracji do VAT.<\/li>\n<li>Sprawdzimy czy potrzebujesz kasy fiskalnej.<\/li>\n<li>Od razu podpiszesz umow\u0119 o prowadzenie ksi\u0119gowo\u015bci.<\/li>\n<\/ol>\n<p>W innym wypadku droga do zarejestrowania w\u0142asnej dzia\u0142alno\u015bci b\u0119dzie zdecydowanie d\u0142u\u017csza i bardziej wyboista:<\/p>\n<\/div><\/section><br \/>\n\n<style type=\"text\/css\" data-created_by=\"avia_inline_auto\" id=\"style-css-av-l9ph65tn-382bb1356cd7bfe93ba5853789879e1c\">\n.avia-timeline-container.av-l9ph65tn-382bb1356cd7bfe93ba5853789879e1c .av-milestone-date{\nfont-size:20px;\n}\n.avia-timeline-container.av-l9ph65tn-382bb1356cd7bfe93ba5853789879e1c .av-milestone-title{\nfont-size:18px;\n}\n.avia-timeline-container.av-l9ph65tn-382bb1356cd7bfe93ba5853789879e1c .av-milestone-content{\nfont-size:16px;\n}\n.avia-timeline-container.av-l9ph65tn-382bb1356cd7bfe93ba5853789879e1c .av-milestone-icon-inner{\nbackground-color:#a4d030;\n}\n.avia-timeline-container.av-l9ph65tn-382bb1356cd7bfe93ba5853789879e1c .av-milestone-indicator{\nbackground-color:#a4d030;\n}\n.avia-timeline-container.av-l9ph65tn-382bb1356cd7bfe93ba5853789879e1c .av-milestone-article-footer{\nbackground-color:#a4d030;\n}\n<\/style>\n<div  id=\"avia-timeline-1\"  class='avia-timeline-container av-l9ph65tn-382bb1356cd7bfe93ba5853789879e1c av-slideshow-ui  avia-builder-el-3  el_after_av_textblock  el_before_av_promobox ' ><ul class='avia-timeline avia-timeline-vertical av-milestone-placement-alternate avia-timeline- avia_animate_when_almost_visible avia-timeline-animate'>\n<li  class='av-milestone av-l9ph18p4-d7e1db8f0284a9e812f7169599196fa8 av-animated-generic fade-in av-milestone-valign-baseline av-milestone-odd'><h2 class='av-milestone-date ' id='milestone-1'><strong>1<span class='av-milestone-indicator'><\/span><\/strong><\/h2><div class=\"av-milestone-icon-wrap\"><span class='av-milestone-icon milestone_icon avia-font-entypo-fontello'><span class='av-milestone-icon-inner milestone_inner'><i class='milestone-char' aria-hidden='true' data-av_icon='\ue841' data-av_iconfont='entypo-fontello'><\/i><\/span><\/span><\/div><article class='av-milestone-content-wrap'><div class='av-milestone-contentbox'><div class='av-milestone-content'><p>Wype\u0142ni\u0107 wniosek CEiDG na portalu biznes.gov i wys\u0142a\u0107 go za pomoc\u0105 profilu zaufanego (lub z\u0142o\u017cy\u0107 osobi\u015bcie w Urz\u0119dzie Gminy\/Miasta).<\/p>\n<\/div><\/div><footer class='av-milestone-article-footer entry-footer'><\/footer><\/article><\/li>\n<li  class='av-milestone av-l9ph1o4h-b3504162651f2ad066bdfdfc4f7c0f8f av-animated-generic fade-in av-milestone-valign-baseline av-milestone-even'><h2 class='av-milestone-date ' id='milestone-2'><strong>2<span class='av-milestone-indicator'><\/span><\/strong><\/h2><article class='av-milestone-content-wrap'><div class='av-milestone-contentbox'><div class='av-milestone-content'><p>Z\u0142o\u017cy\u0107 dokumenty rejestrowe do ZUS.<\/p>\n<\/div><\/div><footer class='av-milestone-article-footer entry-footer'><\/footer><\/article><div class=\"av-milestone-icon-wrap\"><span class='av-milestone-icon milestone_icon avia-font-entypo-fontello'><span class='av-milestone-icon-inner milestone_inner'><i class='milestone-char' aria-hidden='true' data-av_icon='\ue813' data-av_iconfont='entypo-fontello'><\/i><\/span><\/span><\/div><h2 class='av-milestone-date ' id='milestone-2'><strong>2<span class='av-milestone-indicator'><\/span><\/strong><\/h2><\/li>\n<li  class='av-milestone av-l9ph25m4-c00a0e11d1df57b6c7b07b88f3bff210 av-animated-generic fade-in av-milestone-valign-baseline av-milestone-odd'><h2 class='av-milestone-date ' id='milestone-3'><strong>3<span class='av-milestone-indicator'><\/span><\/strong><\/h2><div class=\"av-milestone-icon-wrap\"><span class='av-milestone-icon milestone_icon avia-font-entypo-fontello'><span class='av-milestone-icon-inner milestone_inner'><i class='milestone-char' aria-hidden='true' data-av_icon='\ue813' data-av_iconfont='entypo-fontello'><\/i><\/span><\/span><\/div><article class='av-milestone-content-wrap'><div class='av-milestone-contentbox'><div class='av-milestone-content'><p>Poczeka\u0107 na nadanie numeru REGON (co czasami zajmuje nawet 2 tygodnie!).<\/p>\n<\/div><\/div><footer class='av-milestone-article-footer entry-footer'><\/footer><\/article><\/li>\n<li  class='av-milestone av-l9ph389a-e641636162097d1d02c7337b3927f481 av-animated-generic fade-in av-milestone-valign-baseline av-milestone-even'><h2 class='av-milestone-date ' id='milestone-4'><strong>4<span class='av-milestone-indicator'><\/span><\/strong><\/h2><article class='av-milestone-content-wrap'><div class='av-milestone-contentbox'><div class='av-milestone-content'><p>Maj\u0105c ju\u017c nadany numer REGON, uda\u0107 si\u0119 do banku celem za\u0142o\u017cenia konta firmowego.<\/p>\n<\/div><\/div><footer class='av-milestone-article-footer entry-footer'><\/footer><\/article><div class=\"av-milestone-icon-wrap\"><span class='av-milestone-icon milestone_icon avia-font-entypo-fontello'><span class='av-milestone-icon-inner milestone_inner'><i class='milestone-char' aria-hidden='true' data-av_icon='\ue813' data-av_iconfont='entypo-fontello'><\/i><\/span><\/span><\/div><h2 class='av-milestone-date ' id='milestone-4'><strong>4<span class='av-milestone-indicator'><\/span><\/strong><\/h2><\/li>\n<li  class='av-milestone av-l9ph389a-3-6fe5a494f8beee0a366e7a2fae0aa809 av-animated-generic fade-in av-milestone-valign-baseline av-milestone-odd'><h2 class='av-milestone-date ' id='milestone-5'><strong>5<span class='av-milestone-indicator'><\/span><\/strong><\/h2><div class=\"av-milestone-icon-wrap\"><span class='av-milestone-icon milestone_icon avia-font-entypo-fontello'><span class='av-milestone-icon-inner milestone_inner'><i class='milestone-char' aria-hidden='true' data-av_icon='\ue813' data-av_iconfont='entypo-fontello'><\/i><\/span><\/span><\/div><article class='av-milestone-content-wrap'><div class='av-milestone-contentbox'><div class='av-milestone-content'><p>Nast\u0119pnie konto firmowe nale\u017cy wpisa\u0107 na bia\u0142\u0105 list\u0119 podatnik\u00f3w, aby nasz kontrahent m\u00f3g\u0142 nas zweryfikowa\u0107 przed zrobieniem przelewu.<\/p>\n<\/div><\/div><footer class='av-milestone-article-footer entry-footer'><\/footer><\/article><\/li>\n<li  class='av-milestone av-l9ph389a-2-1b573815ebde23a2147ec7db0b47f123 av-animated-generic fade-in av-milestone-valign-baseline av-milestone-even'><h2 class='av-milestone-date ' id='milestone-6'><strong>6<span class='av-milestone-indicator'><\/span><\/strong><\/h2><article class='av-milestone-content-wrap'><div class='av-milestone-contentbox'><div class='av-milestone-content'><p>Dodatkowo mo\u017ce pojawi\u0107 si\u0119 jeszcze konieczno\u015b\u0107 rejestracji do VAT\u2026<\/p>\n<\/div><\/div><footer class='av-milestone-article-footer entry-footer'><\/footer><\/article><div class=\"av-milestone-icon-wrap\"><span class='av-milestone-icon milestone_icon avia-font-entypo-fontello'><span class='av-milestone-icon-inner milestone_inner'><i class='milestone-char' aria-hidden='true' data-av_icon='\ue813' data-av_iconfont='entypo-fontello'><\/i><\/span><\/span><\/div><h2 class='av-milestone-date ' id='milestone-6'><strong>6<span class='av-milestone-indicator'><\/span><\/strong><\/h2><\/li>\n<li  class='av-milestone av-l9ph389a-1-20ead2dcc3b4cf1a13fb1381f76fb163 av-animated-generic fade-in av-milestone-valign-baseline av-milestone-odd'><h2 class='av-milestone-date ' id='milestone-7'><strong>7<span class='av-milestone-indicator'><\/span><\/strong><\/h2><div class=\"av-milestone-icon-wrap\"><span class='av-milestone-icon milestone_icon avia-font-entypo-fontello'><span class='av-milestone-icon-inner milestone_inner'><i class='milestone-char' aria-hidden='true' data-av_icon='\ue813' data-av_iconfont='entypo-fontello'><\/i><\/span><\/span><\/div><article class='av-milestone-content-wrap'><div class='av-milestone-contentbox'><div class='av-milestone-content'><p>\u2026albo zakupu kasy fiskalnej.<\/p>\n<\/div><\/div><footer class='av-milestone-article-footer entry-footer'><\/footer><\/article><\/li>\n<\/ul><\/div><br \/>\n<div  class='av_promobox av-l9phdi26-bac236ebb43a582205e3653f3f9f3258 avia-button-yes  avia-builder-el-4  el_after_av_timeline  avia-builder-el-last '><div class='avia-promocontent'><\/p>\n<h3>Zrobimy to za Ciebie!<\/h3>\n<p>\n<\/div><div  class='avia-button-wrap av-l9phdi26-0502c0919aa335f62482285c739ad43b-wrap avia-button-right '><a href='https:\/\/www.workprofit.stronazen.pl\/#contact'  class='avia-button av-l9phdi26-0502c0919aa335f62482285c739ad43b avia-icon_select-no avia-size-large avia-position-right avia-color-theme-color'  ><span class='avia_iconbox_title' >Kontakt<\/span><\/a><\/div><\/div><\/p><\/div>\n","protected":false},"excerpt":{"rendered":"","protected":false},"author":1,"featured_media":0,"parent":0,"menu_order":0,"comment_status":"closed","ping_status":"closed","template":"","meta":[],"yoast_head":"<!-- This site is optimized with the Yoast SEO plugin v19.11 - https:\/\/yoast.com\/wordpress\/plugins\/seo\/ -->\n<title>Zak\u0142adanie dza\u0142alno\u015bci gospodarczej - Workprofit sp. z o.o. Wielu\u0144<\/title>\n<meta name=\"robots\" content=\"index, follow, max-snippet:-1, max-image-preview:large, max-video-preview:-1\" \/>\n<link rel=\"canonical\" href=\"https:\/\/www.workprofit.stronazen.pl\/index.php\/zakladanie-dzalalnosci-gospodarczej\/\" \/>\n<meta property=\"og:locale\" content=\"pl_PL\" \/>\n<meta property=\"og:type\" content=\"article\" \/>\n<meta property=\"og:title\" content=\"Zak\u0142adanie dza\u0142alno\u015bci gospodarczej - Workprofit sp. z o.o. Wielu\u0144\" \/>\n<meta property=\"og:url\" content=\"https:\/\/www.workprofit.stronazen.pl\/index.php\/zakladanie-dzalalnosci-gospodarczej\/\" \/>\n<meta property=\"og:site_name\" content=\"Workprofit sp. z o.o. Wielu\u0144\" \/>\n<meta property=\"article:publisher\" content=\"https:\/\/www.facebook.com\/WorkprofitWielun\" \/>\n<meta property=\"article:modified_time\" content=\"2022-10-27T08:43:15+00:00\" \/>\n<meta name=\"twitter:card\" content=\"summary_large_image\" \/>\n<meta name=\"twitter:label1\" content=\"Szacowany czas czytania\" \/>\n\t<meta name=\"twitter:data1\" content=\"4 minuty\" \/>\n<script type=\"application\/ld+json\" class=\"yoast-schema-graph\">{\"@context\":\"https:\/\/schema.org\",\"@graph\":[{\"@type\":\"WebPage\",\"@id\":\"https:\/\/www.workprofit.stronazen.pl\/index.php\/zakladanie-dzalalnosci-gospodarczej\/\",\"url\":\"https:\/\/www.workprofit.stronazen.pl\/index.php\/zakladanie-dzalalnosci-gospodarczej\/\",\"name\":\"Zak\u0142adanie dza\u0142alno\u015bci gospodarczej - Workprofit sp. z o.o. Wielu\u0144\",\"isPartOf\":{\"@id\":\"https:\/\/www.workprofit.stronazen.pl\/#website\"},\"datePublished\":\"2022-10-26T10:09:45+00:00\",\"dateModified\":\"2022-10-27T08:43:15+00:00\",\"breadcrumb\":{\"@id\":\"https:\/\/www.workprofit.stronazen.pl\/index.php\/zakladanie-dzalalnosci-gospodarczej\/#breadcrumb\"},\"inLanguage\":\"pl-PL\",\"potentialAction\":[{\"@type\":\"ReadAction\",\"target\":[\"https:\/\/www.workprofit.stronazen.pl\/index.php\/zakladanie-dzalalnosci-gospodarczej\/\"]}]},{\"@type\":\"BreadcrumbList\",\"@id\":\"https:\/\/www.workprofit.stronazen.pl\/index.php\/zakladanie-dzalalnosci-gospodarczej\/#breadcrumb\",\"itemListElement\":[{\"@type\":\"ListItem\",\"position\":1,\"name\":\"Strona g\u0142\u00f3wna\",\"item\":\"https:\/\/www.workprofit.stronazen.pl\/\"},{\"@type\":\"ListItem\",\"position\":2,\"name\":\"Zak\u0142adanie dza\u0142alno\u015bci gospodarczej\"}]},{\"@type\":\"WebSite\",\"@id\":\"https:\/\/www.workprofit.stronazen.pl\/#website\",\"url\":\"https:\/\/www.workprofit.stronazen.pl\/\",\"name\":\"Workprofit sp. z o.o. Wielu\u0144\",\"description\":\"Magdalena \u015awi\u0105tek Biuro Kadrowo - P\u0142acowe Biuro Ksi\u0119gowe\",\"publisher\":{\"@id\":\"https:\/\/www.workprofit.stronazen.pl\/#organization\"},\"potentialAction\":[{\"@type\":\"SearchAction\",\"target\":{\"@type\":\"EntryPoint\",\"urlTemplate\":\"https:\/\/www.workprofit.stronazen.pl\/?s={search_term_string}\"},\"query-input\":\"required name=search_term_string\"}],\"inLanguage\":\"pl-PL\"},{\"@type\":\"Organization\",\"@id\":\"https:\/\/www.workprofit.stronazen.pl\/#organization\",\"name\":\"Workprofit sp. z o.o. Wielu\u0144\",\"url\":\"https:\/\/www.workprofit.stronazen.pl\/\",\"logo\":{\"@type\":\"ImageObject\",\"inLanguage\":\"pl-PL\",\"@id\":\"https:\/\/www.workprofit.stronazen.pl\/#\/schema\/logo\/image\/\",\"url\":\"https:\/\/www.workprofit.stronazen.pl\/wp-content\/uploads\/2022\/10\/logo-1000x.png\",\"contentUrl\":\"https:\/\/www.workprofit.stronazen.pl\/wp-content\/uploads\/2022\/10\/logo-1000x.png\",\"width\":1000,\"height\":459,\"caption\":\"Workprofit sp. z o.o. Wielu\u0144\"},\"image\":{\"@id\":\"https:\/\/www.workprofit.stronazen.pl\/#\/schema\/logo\/image\/\"},\"sameAs\":[\"https:\/\/www.facebook.com\/WorkprofitWielun\"]}]}<\/script>\n<!-- \/ Yoast SEO plugin. -->","yoast_head_json":{"title":"Zak\u0142adanie dza\u0142alno\u015bci gospodarczej - Workprofit sp. z o.o. Wielu\u0144","robots":{"index":"index","follow":"follow","max-snippet":"max-snippet:-1","max-image-preview":"max-image-preview:large","max-video-preview":"max-video-preview:-1"},"canonical":"https:\/\/www.workprofit.stronazen.pl\/index.php\/zakladanie-dzalalnosci-gospodarczej\/","og_locale":"pl_PL","og_type":"article","og_title":"Zak\u0142adanie dza\u0142alno\u015bci gospodarczej - Workprofit sp. z o.o. Wielu\u0144","og_url":"https:\/\/www.workprofit.stronazen.pl\/index.php\/zakladanie-dzalalnosci-gospodarczej\/","og_site_name":"Workprofit sp. z o.o. Wielu\u0144","article_publisher":"https:\/\/www.facebook.com\/WorkprofitWielun","article_modified_time":"2022-10-27T08:43:15+00:00","twitter_card":"summary_large_image","twitter_misc":{"Szacowany czas czytania":"4 minuty"},"schema":{"@context":"https:\/\/schema.org","@graph":[{"@type":"WebPage","@id":"https:\/\/www.workprofit.stronazen.pl\/index.php\/zakladanie-dzalalnosci-gospodarczej\/","url":"https:\/\/www.workprofit.stronazen.pl\/index.php\/zakladanie-dzalalnosci-gospodarczej\/","name":"Zak\u0142adanie dza\u0142alno\u015bci gospodarczej - Workprofit sp. z o.o. Wielu\u0144","isPartOf":{"@id":"https:\/\/www.workprofit.stronazen.pl\/#website"},"datePublished":"2022-10-26T10:09:45+00:00","dateModified":"2022-10-27T08:43:15+00:00","breadcrumb":{"@id":"https:\/\/www.workprofit.stronazen.pl\/index.php\/zakladanie-dzalalnosci-gospodarczej\/#breadcrumb"},"inLanguage":"pl-PL","potentialAction":[{"@type":"ReadAction","target":["https:\/\/www.workprofit.stronazen.pl\/index.php\/zakladanie-dzalalnosci-gospodarczej\/"]}]},{"@type":"BreadcrumbList","@id":"https:\/\/www.workprofit.stronazen.pl\/index.php\/zakladanie-dzalalnosci-gospodarczej\/#breadcrumb","itemListElement":[{"@type":"ListItem","position":1,"name":"Strona g\u0142\u00f3wna","item":"https:\/\/www.workprofit.stronazen.pl\/"},{"@type":"ListItem","position":2,"name":"Zak\u0142adanie dza\u0142alno\u015bci gospodarczej"}]},{"@type":"WebSite","@id":"https:\/\/www.workprofit.stronazen.pl\/#website","url":"https:\/\/www.workprofit.stronazen.pl\/","name":"Workprofit sp. z o.o. Wielu\u0144","description":"Magdalena \u015awi\u0105tek Biuro Kadrowo - P\u0142acowe Biuro Ksi\u0119gowe","publisher":{"@id":"https:\/\/www.workprofit.stronazen.pl\/#organization"},"potentialAction":[{"@type":"SearchAction","target":{"@type":"EntryPoint","urlTemplate":"https:\/\/www.workprofit.stronazen.pl\/?s={search_term_string}"},"query-input":"required name=search_term_string"}],"inLanguage":"pl-PL"},{"@type":"Organization","@id":"https:\/\/www.workprofit.stronazen.pl\/#organization","name":"Workprofit sp. z o.o. Wielu\u0144","url":"https:\/\/www.workprofit.stronazen.pl\/","logo":{"@type":"ImageObject","inLanguage":"pl-PL","@id":"https:\/\/www.workprofit.stronazen.pl\/#\/schema\/logo\/image\/","url":"https:\/\/www.workprofit.stronazen.pl\/wp-content\/uploads\/2022\/10\/logo-1000x.png","contentUrl":"https:\/\/www.workprofit.stronazen.pl\/wp-content\/uploads\/2022\/10\/logo-1000x.png","width":1000,"height":459,"caption":"Workprofit sp. z o.o. Wielu\u0144"},"image":{"@id":"https:\/\/www.workprofit.stronazen.pl\/#\/schema\/logo\/image\/"},"sameAs":["https:\/\/www.facebook.com\/WorkprofitWielun"]}]}},"_links":{"self":[{"href":"https:\/\/www.workprofit.stronazen.pl\/index.php\/wp-json\/wp\/v2\/pages\/648"}],"collection":[{"href":"https:\/\/www.workprofit.stronazen.pl\/index.php\/wp-json\/wp\/v2\/pages"}],"about":[{"href":"https:\/\/www.workprofit.stronazen.pl\/index.php\/wp-json\/wp\/v2\/types\/page"}],"author":[{"embeddable":true,"href":"https:\/\/www.workprofit.stronazen.pl\/index.php\/wp-json\/wp\/v2\/users\/1"}],"replies":[{"embeddable":true,"href":"https:\/\/www.workprofit.stronazen.pl\/index.php\/wp-json\/wp\/v2\/comments?post=648"}],"version-history":[{"count":8,"href":"https:\/\/www.workprofit.stronazen.pl\/index.php\/wp-json\/wp\/v2\/pages\/648\/revisions"}],"predecessor-version":[{"id":680,"href":"https:\/\/www.workprofit.stronazen.pl\/index.php\/wp-json\/wp\/v2\/pages\/648\/revisions\/680"}],"wp:attachment":[{"href":"https:\/\/www.workprofit.stronazen.pl\/index.php\/wp-json\/wp\/v2\/media?parent=648"}],"curies":[{"name":"wp","href":"https:\/\/api.w.org\/{rel}","templated":true}]}}